{"id":4943,"date":"2016-06-07T18:46:42","date_gmt":"2016-06-07T18:46:42","guid":{"rendered":"http:\/\/ecbiz196.inmotionhosting.com\/~barcel12\/?page_id=4943"},"modified":"2017-03-06T11:58:39","modified_gmt":"2017-03-06T10:58:39","slug":"terms-and-conditions","status":"publish","type":"page","link":"https:\/\/barcelonabyroad.com\/es\/terms-and-conditions\/","title":{"rendered":"T\u00e9rminos y Condiciones"},"content":{"rendered":"<h3>GENERAL CONDITIONS &amp; PRIVACY POLICY<\/h3>\n<p>&nbsp;<\/p>\n<h3>T\u00c9RMINOS DE PAGO<\/h3>\n<p>En el momento de la reserva, el cliente debe pagar el precio total para el servicio contratado.<\/p>\n<p>Los pagos pueden hacerse a trav\u00e9s de la p\u00e1gina web por cualquiera de las siguientes tarjetas de cr\u00e9dito \/ d\u00e9bito: Visa, MasterCard. Despu\u00e9s de una reserva pagada con tarjeta de cr\u00e9dito \/ d\u00e9bito se cargar\u00e1 el importe total de la misma.<\/p>\n<p>&nbsp;<\/p>\n<h3>POL\u00cdTICA DE CANCELACI\u00d3N<\/h3>\n<ul>\r\n<li>10 d\u00edas antes , el 100 % devoluci\u00f3n del dep\u00f3sito<\/li>\r\n<li>7 d\u00edas antes , el 50 % devoluci\u00f3n de dep\u00f3sito<\/li>\r\n<li>2 d\u00edas antes, no se devuelve dep\u00f3sito<\/li>\r\n<\/ul>\r\n<p><u>IMPOSIBILIDAD DE REALIZAR LAS ACTIVIDADES DEBIDO A RAZONES EXTRAORDINARIAS<\/u><\/p>\r\n<ul>\r\n<li>En caso de cancelaci\u00f3n voluntaria por parte del cliente, no se har\u00e1n reembolsos.<\/li>\r\n<li>En caso de imposibilidad de realizar los servicios contratados debido a circunstancias fuera de nuestro control (por ejemplo huelgas o condiciones clim\u00e1ticas extremas), estos servicios se detendr\u00e1n y no se har\u00e1n reembolsos por parte de Barcelona By Road.\u00a0<\/li>\r\n<li>Todas las excursiones, actividades y servicios que ofrece de Barcelona By Road son v\u00e1lidos \u00fanicamente para las fechas acordadas.<\/li>\r\n<li>Barcelona By Road no es responsable por cualquier tipo de informaci\u00f3n que no proporciona directamente.<\/li>\r\n<li>Barcelona By Road \u00a0no se hace responsable por ninguna modificaci\u00f3n en las excursiones, en t\u00e9rminos de duraci\u00f3n, visitas, o sincronizaciones. Y por lo tanto no va a correr con los costes adicionales salvo acuerdo por ambas partes.<\/li>\r\n<\/ul>\n<p>&nbsp;<\/p>\n<h3>RENUNCIA DE DE RESPONSABILIDAD<\/h3>\n<p>Ha decidido libremente participar en su tour, y conoce los riesgos implicados, incluyendo aunque no limit\u00e1ndose a:<\/p>\n<p>Negligencia en el desarrollo o preparaci\u00f3n del tour en todos los aspectos desde su concepci\u00f3n hasta su completaci\u00f3n; Esfuerzos f\u00edsicos para los que no est\u00e9 preparado; Fuerzas de la naturaleza; Problemas de transporte, ya sea en coche, minivan, autocar, metro, a pie o en cualquier otro veh\u00edculo; Consumo de bebidas alcoh\u00f3licas; Riesgos asociados con alimentos o bebidas contaminados\/as; Disturbios sociales ; terrorismo; Acciones criminales; Accidente o enfermedad sin acceso inmediato a un modo r\u00e1pido de evacuaci\u00f3n y\/o sin disponibilidad de servicios o recursos m\u00e9dicos; Adecuaci\u00f3n de los servicios m\u00e9dicos proporcionados; Da\u00f1os en equipaje o propiedades, robo, p\u00e9rdidas o sustracci\u00f3n. ACEPTA RESPONSABILIZARSE DE SU PROPIO BIENESTAR Y DE SUS PROPIEDADES Y ACEPTA TODOS LOS RIESGOS DE RETRASO, ACONTECIMIENTOS IMPREVISIBLES, INCONVENIENCIAS, ENFERMEDADES, HERIDAS, TRAUMA EMOCIONAL O MUERTE.<br \/>\nComprenda que su propia contribuci\u00f3n a la excursi\u00f3n tambi\u00e9n es crucial para el \u00e9xito de la misma. Usted es el \u00fanico responsable de cosas como (pero no limitados a) su estado de \u00e1nimo, inter\u00e9s, interacciones, decisiones, niveles de resistencia, problemas para caminar, la puntualidad y la comunicaci\u00f3n con su gu\u00eda. Si hay algo que podr\u00eda mejorar su experiencia, le animamos a compartirlo con su gu\u00eda, por lo que \u00e9l \/ ella puede introducir los cambios necesarios cuando sea posible.<\/p>\n<p>&nbsp;<\/p>\n<h3>AVISO LEGAL<\/h3>\n<p>Este Aviso Legal est\u00e1 de acuerdo con la ley 34 de LEY 34\/2002, de 11 de julio, de servicios de la sociedad de la informaci\u00f3n y de comercio electr\u00f3nico:<br \/>\nMarc Farr\u00e9 Escofet \/ Representante de BarcelonaByRoad \u00ae<br \/>\nDirecci\u00f3n: Rambla de Catalunya, 38<br \/>\nBarcelona 08007 (ESPA\u00d1A)<br \/>\nN\u00famero de identificaci\u00f3n fiscal: 46342524P<br \/>\nE-mail: info@barcelonabyroad.com<br \/>\nP\u00e1gina web: http:\/\/www.barcelonabyroad.com\/<br \/>\nTel\u00e9fono: +34 679431990<\/p>\n<p>&nbsp;<\/p>\n<p style=\"text-align: center;\">\u00a0\u00a9 2017 \u00b7 Barcelona By Road. All Rights reserved<\/p>","protected":false},"excerpt":{"rendered":"<p>GENERAL CONDITIONS &amp; PRIVACY POLICY &nbsp; T\u00c9RMINOS DE PAGO En el momento de la reserva, el cliente debe pagar el precio total para el servicio contratado. Los pagos pueden hacerse a trav\u00e9s de la p\u00e1gina web por cualquiera de las siguientes tarjetas de cr\u00e9dito \/ d\u00e9bito: [&hellip;]<\/p>\n","protected":false},"author":7,"featured_media":0,"parent":0,"menu_order":0,"comment_status":"closed","ping_status":"closed","template":"","meta":[],"yoast_head":"<!-- This site is optimized with the Yoast SEO plugin v20.6 - https:\/\/yoast.com\/wordpress\/plugins\/seo\/ -->\n<title>T\u00e9rminos y Condiciones - BarcelonaByRoad.com<\/title>\n<meta name=\"robots\" content=\"index, follow, max-snippet:-1, max-image-preview:large, max-video-preview:-1\" \/>\n<link rel=\"canonical\" href=\"https:\/\/barcelonabyroad.com\/terms-and-conditions\/\" \/>\n<meta property=\"og:locale\" content=\"es_ES\" \/>\n<meta property=\"og:type\" content=\"article\" \/>\n<meta property=\"og:title\" content=\"[:en]Terms and Conditions[:es]T\u00e9rminos y Condiciones[:] - BarcelonaByRoad.com\" \/>\n<meta property=\"og:description\" content=\"GENERAL CONDITIONS &amp; PRIVACY POLICY &nbsp; T\u00c9RMINOS DE PAGO En el momento de la reserva, el cliente debe pagar el precio total para el servicio contratado. Los pagos pueden hacerse a trav\u00e9s de la p\u00e1gina web por cualquiera de las siguientes tarjetas de cr\u00e9dito \/ d\u00e9bito: [&hellip;]\" \/>\n<meta property=\"og:url\" content=\"https:\/\/barcelonabyroad.com\/terms-and-conditions\/\" \/>\n<meta property=\"og:site_name\" content=\"BarcelonaByRoad.com\" \/>\n<meta property=\"article:publisher\" content=\"https:\/\/www.facebook.com\/barcelonabyroad\/\" \/>\n<meta property=\"article:modified_time\" content=\"2017-03-06T10:58:39+00:00\" \/>\n<meta name=\"twitter:card\" content=\"summary_large_image\" \/>\n<script type=\"application\/ld+json\" class=\"yoast-schema-graph\">{\"@context\":\"https:\/\/schema.org\",\"@graph\":[{\"@type\":\"WebPage\",\"@id\":\"https:\/\/barcelonabyroad.com\/terms-and-conditions\/\",\"url\":\"https:\/\/barcelonabyroad.com\/terms-and-conditions\/\",\"name\":\"[:en]Terms and Conditions[:es]T\u00e9rminos y Condiciones[:] - BarcelonaByRoad.com\",\"isPartOf\":{\"@id\":\"https:\/\/barcelonabyroad.com\/#website\"},\"datePublished\":\"2016-06-07T18:46:42+00:00\",\"dateModified\":\"2017-03-06T10:58:39+00:00\",\"breadcrumb\":{\"@id\":\"https:\/\/barcelonabyroad.com\/terms-and-conditions\/#breadcrumb\"},\"inLanguage\":\"es\",\"potentialAction\":[{\"@type\":\"ReadAction\",\"target\":[\"https:\/\/barcelonabyroad.com\/terms-and-conditions\/\"]}]},{\"@type\":\"BreadcrumbList\",\"@id\":\"https:\/\/barcelonabyroad.com\/terms-and-conditions\/#breadcrumb\",\"itemListElement\":[{\"@type\":\"ListItem\",\"position\":1,\"name\":\"Home\",\"item\":\"https:\/\/barcelonabyroad.com\/\"},{\"@type\":\"ListItem\",\"position\":2,\"name\":\"Terms and Conditions\"}]},{\"@type\":\"WebSite\",\"@id\":\"https:\/\/barcelonabyroad.com\/#website\",\"url\":\"https:\/\/barcelonabyroad.com\/\",\"name\":\"BarcelonaByRoad.com\",\"description\":\"Tours de Vino Privados en Barcelona - Excursiones Unicas\",\"publisher\":{\"@id\":\"https:\/\/barcelonabyroad.com\/#organization\"},\"potentialAction\":[{\"@type\":\"SearchAction\",\"target\":{\"@type\":\"EntryPoint\",\"urlTemplate\":\"https:\/\/barcelonabyroad.com\/?s={search_term_string}\"},\"query-input\":\"required name=search_term_string\"}],\"inLanguage\":\"es\"},{\"@type\":\"Organization\",\"@id\":\"https:\/\/barcelonabyroad.com\/#organization\",\"name\":\"Barcelona By Road\",\"url\":\"https:\/\/barcelonabyroad.com\/\",\"logo\":{\"@type\":\"ImageObject\",\"inLanguage\":\"es\",\"@id\":\"https:\/\/barcelonabyroad.com\/#\/schema\/logo\/image\/\",\"url\":\"https:\/\/barcelonabyroad.com\/wp-content\/uploads\/2016\/05\/test_logo2-60h.png\",\"contentUrl\":\"https:\/\/barcelonabyroad.com\/wp-content\/uploads\/2016\/05\/test_logo2-60h.png\",\"width\":233,\"height\":125,\"caption\":\"Barcelona By Road\"},\"image\":{\"@id\":\"https:\/\/barcelonabyroad.com\/#\/schema\/logo\/image\/\"},\"sameAs\":[\"https:\/\/www.facebook.com\/barcelonabyroad\/\"]}]}<\/script>\n<!-- \/ Yoast SEO plugin. -->","yoast_head_json":{"title":"[:en]Terms and Conditions[:es]T\u00e9rminos y Condiciones[:] - BarcelonaByRoad.com","robots":{"index":"index","follow":"follow","max-snippet":"max-snippet:-1","max-image-preview":"max-image-preview:large","max-video-preview":"max-video-preview:-1"},"canonical":"https:\/\/barcelonabyroad.com\/terms-and-conditions\/","og_locale":"es_ES","og_type":"article","og_title":"[:en]Terms and Conditions[:es]T\u00e9rminos y Condiciones[:] - BarcelonaByRoad.com","og_description":"GENERAL CONDITIONS &amp; PRIVACY POLICY &nbsp; T\u00c9RMINOS DE PAGO En el momento de la reserva, el cliente debe pagar el precio total para el servicio contratado. Los pagos pueden hacerse a trav\u00e9s de la p\u00e1gina web por cualquiera de las siguientes tarjetas de cr\u00e9dito \/ d\u00e9bito: [&hellip;]","og_url":"https:\/\/barcelonabyroad.com\/terms-and-conditions\/","og_site_name":"BarcelonaByRoad.com","article_publisher":"https:\/\/www.facebook.com\/barcelonabyroad\/","article_modified_time":"2017-03-06T10:58:39+00:00","twitter_card":"summary_large_image","schema":{"@context":"https:\/\/schema.org","@graph":[{"@type":"WebPage","@id":"https:\/\/barcelonabyroad.com\/terms-and-conditions\/","url":"https:\/\/barcelonabyroad.com\/terms-and-conditions\/","name":"[:en]Terms and Conditions[:es]T\u00e9rminos y Condiciones[:] - BarcelonaByRoad.com","isPartOf":{"@id":"https:\/\/barcelonabyroad.com\/#website"},"datePublished":"2016-06-07T18:46:42+00:00","dateModified":"2017-03-06T10:58:39+00:00","breadcrumb":{"@id":"https:\/\/barcelonabyroad.com\/terms-and-conditions\/#breadcrumb"},"inLanguage":"es","potentialAction":[{"@type":"ReadAction","target":["https:\/\/barcelonabyroad.com\/terms-and-conditions\/"]}]},{"@type":"BreadcrumbList","@id":"https:\/\/barcelonabyroad.com\/terms-and-conditions\/#breadcrumb","itemListElement":[{"@type":"ListItem","position":1,"name":"Home","item":"https:\/\/barcelonabyroad.com\/"},{"@type":"ListItem","position":2,"name":"Terms and Conditions"}]},{"@type":"WebSite","@id":"https:\/\/barcelonabyroad.com\/#website","url":"https:\/\/barcelonabyroad.com\/","name":"BarcelonaByRoad.com","description":"Tours de Vino Privados en Barcelona - Excursiones Unicas","publisher":{"@id":"https:\/\/barcelonabyroad.com\/#organization"},"potentialAction":[{"@type":"SearchAction","target":{"@type":"EntryPoint","urlTemplate":"https:\/\/barcelonabyroad.com\/?s={search_term_string}"},"query-input":"required name=search_term_string"}],"inLanguage":"es"},{"@type":"Organization","@id":"https:\/\/barcelonabyroad.com\/#organization","name":"Barcelona By Road","url":"https:\/\/barcelonabyroad.com\/","logo":{"@type":"ImageObject","inLanguage":"es","@id":"https:\/\/barcelonabyroad.com\/#\/schema\/logo\/image\/","url":"https:\/\/barcelonabyroad.com\/wp-content\/uploads\/2016\/05\/test_logo2-60h.png","contentUrl":"https:\/\/barcelonabyroad.com\/wp-content\/uploads\/2016\/05\/test_logo2-60h.png","width":233,"height":125,"caption":"Barcelona By Road"},"image":{"@id":"https:\/\/barcelonabyroad.com\/#\/schema\/logo\/image\/"},"sameAs":["https:\/\/www.facebook.com\/barcelonabyroad\/"]}]}},"_links":{"self":[{"href":"https:\/\/barcelonabyroad.com\/es\/wp-json\/wp\/v2\/pages\/4943"}],"collection":[{"href":"https:\/\/barcelonabyroad.com\/es\/wp-json\/wp\/v2\/pages"}],"about":[{"href":"https:\/\/barcelonabyroad.com\/es\/wp-json\/wp\/v2\/types\/page"}],"author":[{"embeddable":true,"href":"https:\/\/barcelonabyroad.com\/es\/wp-json\/wp\/v2\/users\/7"}],"replies":[{"embeddable":true,"href":"https:\/\/barcelonabyroad.com\/es\/wp-json\/wp\/v2\/comments?post=4943"}],"version-history":[{"count":10,"href":"https:\/\/barcelonabyroad.com\/es\/wp-json\/wp\/v2\/pages\/4943\/revisions"}],"predecessor-version":[{"id":5423,"href":"https:\/\/barcelonabyroad.com\/es\/wp-json\/wp\/v2\/pages\/4943\/revisions\/5423"}],"wp:attachment":[{"href":"https:\/\/barcelonabyroad.com\/es\/wp-json\/wp\/v2\/media?parent=4943"}],"curies":[{"name":"wp","href":"https:\/\/api.w.org\/{rel}","templated":true}]}}